{"id":2426,"date":"2025-05-08T07:04:52","date_gmt":"2025-05-08T07:04:52","guid":{"rendered":"https:\/\/omaha-home.fr\/?page_id=2426"},"modified":"2025-05-09T12:36:04","modified_gmt":"2025-05-09T12:36:04","slug":"legal-information","status":"publish","type":"page","link":"https:\/\/omaha-home.fr\/en\/legal-information\/","title":{"rendered":"Legal information"},"content":{"rendered":"<h2 class=\"wp-block-heading\">Site publisher<\/h2>\n\n\n\n<p>The omaha-home.fr website is published by the company <strong>OMAHA HOME<\/strong>a simplified joint stock company (SAS) with capital of 50,000 euros, registered with the Caen Trade and Companies Register under number <strong>981 065 493<\/strong>.<\/p>\n\n\n\n<ul class=\"wp-block-list\">\n<li><strong>Head office<\/strong> 4 Chemin des Angers, Russy, 14520 Aure sur Mer, France<\/li>\n\n\n\n<li><strong>SIRET number<\/strong> : 981 065 493 00018<\/li>\n\n\n\n<li><strong>Intra-Community VAT number<\/strong> FRANCE: FR84 981 065 493<\/li>\n\n\n\n<li><strong>APE \/ NAF code<\/strong> 6820A (Letting of accommodation)<\/li>\n\n\n\n<li><strong>President and director of the publication<\/strong> Ms Val\u00e9rie Rougier<\/li>\n<\/ul>\n\n\n\n<h3 class=\"wp-block-heading\">Hosting<\/h3>\n\n\n\n<p>The site is hosted by <strong>HOSTINGER operations, UAB<\/strong>whose registered office is located at :<\/p>\n\n\n\n<p>\u0160vitrigailos str. 34, LT-03230 Vilnius, Lithuania<br>Telephone: +370 645 03378<br>Email : domains@hostinger.com<br>Website: https:\/\/www.hostinger.com<\/p>\n\n\n\n<h3 class=\"wp-block-heading\">Intellectual property<\/h3>\n\n\n\n<p>All content on the site omaha-home.fr (text, images, logos, etc..) are the exclusive property of the company OMAHA HOME, unless otherwise stated. Any reproduction, representation or distribution, in whole or in part, of the content of the site, on any medium or by any process whatsoever, is prohibited without the prior authorisation of the publisher.<\/p>\n\n\n\n<h3 class=\"wp-block-heading\">Personal data<\/h3>\n\n\n\n<p>In accordance with the French Data Protection Act of 6 January 1978 as amended and the General Data Protection Regulation (RGPD), users have the right to access, rectify, delete and object to any personal data concerning them.<\/p>\n\n\n\n<p>To exercise these rights, please consult our privacy policy available at the following address:<br>\ud83d\udc49 <a class=\"\" href=\"https:\/\/omaha-home.fr\/politique-de-confidentialite\/\">https:\/\/omaha-home.fr\/politique-de-confidentialite\/<\/a><\/p>","protected":false},"excerpt":{"rendered":"<p>\u00c9diteur du site Le site omaha-home.fr est \u00e9dit\u00e9 par la soci\u00e9t\u00e9 OMAHA HOME, soci\u00e9t\u00e9 par actions simplifi\u00e9e (SAS) au capital de 50\u202f000 euros, immatricul\u00e9e au Registre du Commerce et des Soci\u00e9t\u00e9s (RCS) de Caen sous le num\u00e9ro 981\u202f065\u202f493. H\u00e9bergement Le site est h\u00e9berg\u00e9 par HOSTINGER operations, UAB, dont le si\u00e8ge social est situ\u00e9 \u00e0 : [&hellip;]<\/p>","protected":false},"author":2,"featured_media":0,"parent":0,"menu_order":0,"comment_status":"closed","ping_status":"closed","template":"","meta":{"_acf_changed":false,"footnotes":""},"class_list":["post-2426","page","type-page","status-publish","hentry"],"acf":[],"aioseo_notices":[],"_links":{"self":[{"href":"https:\/\/omaha-home.fr\/en\/wp-json\/wp\/v2\/pages\/2426","targetHints":{"allow":["GET"]}}],"collection":[{"href":"https:\/\/omaha-home.fr\/en\/wp-json\/wp\/v2\/pages"}],"about":[{"href":"https:\/\/omaha-home.fr\/en\/wp-json\/wp\/v2\/types\/page"}],"author":[{"embeddable":true,"href":"https:\/\/omaha-home.fr\/en\/wp-json\/wp\/v2\/users\/2"}],"replies":[{"embeddable":true,"href":"https:\/\/omaha-home.fr\/en\/wp-json\/wp\/v2\/comments?post=2426"}],"version-history":[{"count":4,"href":"https:\/\/omaha-home.fr\/en\/wp-json\/wp\/v2\/pages\/2426\/revisions"}],"predecessor-version":[{"id":2433,"href":"https:\/\/omaha-home.fr\/en\/wp-json\/wp\/v2\/pages\/2426\/revisions\/2433"}],"wp:attachment":[{"href":"https:\/\/omaha-home.fr\/en\/wp-json\/wp\/v2\/media?parent=2426"}],"curies":[{"name":"wp","href":"https:\/\/api.w.org\/{rel}","templated":true}]}}